{"id":557,"date":"2021-08-04T08:02:39","date_gmt":"2021-08-04T08:02:39","guid":{"rendered":"https:\/\/ferienhaus-ramsau.at\/?page_id=557"},"modified":"2025-01-21T08:15:07","modified_gmt":"2025-01-21T08:15:07","slug":"contact","status":"publish","type":"page","link":"https:\/\/bergschloessl-ramsau.at\/en\/contact\/","title":{"rendered":"Contact &#038; location"},"content":{"rendered":"<div class=\"gb-container gb-container-c634bf0b\"><div class=\"gb-inside-container\">\n<div class=\"gb-grid-wrapper gb-grid-wrapper-93bea478\">\n<div class=\"gb-grid-column gb-grid-column-3055b556\"><div class=\"gb-container gb-container-3055b556\"><div class=\"gb-inside-container\"><\/div><\/div><\/div>\n\n<div class=\"gb-grid-column gb-grid-column-a900d9f0\"><div class=\"gb-container gb-container-a900d9f0\"><div class=\"gb-inside-container\">\n\n<h3 class=\"gb-headline gb-headline-6d53b2cf gb-headline-text\">Welcome to the Bergschl\u00f6\u00dfl<\/h3>\n\n\n\n<p>Your vacation paradise in a sunny and quiet location in Ramsau am Dachstein.<\/p>\n\n<\/div><\/div><\/div>\n<\/div>\n<\/div><div class=\"gb-shapes\"><div class=\"gb-shape gb-shape-1\"><svg xmlns=\"http:\/\/www.w3.org\/2000\/svg\" viewBox=\"0 0 1200 360\" preserveAspectRatio=\"none\"><path d=\"M1200 360H0V0l1200 348z\"\/><\/svg><\/div><\/div><\/div>\n\n<div class=\"gb-container gb-container-015e483b\" id=\"kontakt\"><div class=\"gb-inside-container\">\n<div class=\"gb-grid-wrapper gb-grid-wrapper-22af0ca6\">\n<div class=\"gb-grid-column gb-grid-column-d81a9bc6\"><div class=\"gb-container gb-container-d81a9bc6\"><div class=\"gb-inside-container\">\n\n<h2 class=\"gb-headline gb-headline-76dbf3f1 gb-headline-text\" id=\"contact\"><a href=\"#contact\">Contact<\/a><\/h2>\n\n\n\n<p>Pension Bergschl\u00f6\u00dfl<br>Wolfgang und Barbara Mitter<br>Ramsau 216<br>8972 Ramsau am Dachstein<\/p>\n\n\n\n<h5 class=\"gb-headline gb-headline-4bd94f9e\"><span class=\"gb-icon\"><svg aria-hidden=\"true\" role=\"img\" height=\"1em\" width=\"1em\" viewBox=\"0 0 512 512\" xmlns=\"http:\/\/www.w3.org\/2000\/svg\"><path fill=\"currentColor\" d=\"M493.4 24.6l-104-24c-11.3-2.6-22.9 3.3-27.5 13.9l-48 112c-4.2 9.8-1.4 21.3 6.9 28l60.6 49.6c-36 76.7-98.9 140.5-177.2 177.2l-49.6-60.6c-6.8-8.3-18.2-11.1-28-6.9l-112 48C3.9 366.5-2 378.1.6 389.4l24 104C27.1 504.2 36.7 512 48 512c256.1 0 464-207.5 464-464 0-11.2-7.7-20.9-18.6-23.4z\"><\/path><\/svg><\/span><span class=\"gb-headline-text\">Tel. <a href=\"tel:+43368781283\">+43 3687 81283<\/a><\/span><\/h5>\n\n\n\n<h5 class=\"gb-headline gb-headline-155f944e\"><span class=\"gb-icon\"><svg aria-hidden=\"true\" role=\"img\" height=\"1em\" width=\"1em\" viewBox=\"0 0 512 512\" xmlns=\"http:\/\/www.w3.org\/2000\/svg\"><path fill=\"currentColor\" d=\"M493.4 24.6l-104-24c-11.3-2.6-22.9 3.3-27.5 13.9l-48 112c-4.2 9.8-1.4 21.3 6.9 28l60.6 49.6c-36 76.7-98.9 140.5-177.2 177.2l-49.6-60.6c-6.8-8.3-18.2-11.1-28-6.9l-112 48C3.9 366.5-2 378.1.6 389.4l24 104C27.1 504.2 36.7 512 48 512c256.1 0 464-207.5 464-464 0-11.2-7.7-20.9-18.6-23.4z\"><\/path><\/svg><\/span><span class=\"gb-headline-text\">Mobil <a href=\"tel:+436644137774\">+43 664 413 77 74<\/a><\/span><\/h5>\n\n\n\n<h5 class=\"gb-headline gb-headline-0919428a\"><span class=\"gb-icon\"><svg aria-hidden=\"true\" role=\"img\" height=\"1em\" width=\"1em\" viewBox=\"0 0 512 512\" xmlns=\"http:\/\/www.w3.org\/2000\/svg\"><path fill=\"currentColor\" d=\"M464 64H48C21.49 64 0 85.49 0 112v288c0 26.51 21.49 48 48 48h416c26.51 0 48-21.49 48-48V112c0-26.51-21.49-48-48-48zm0 48v40.805c-22.422 18.259-58.168 46.651-134.587 106.49-16.841 13.247-50.201 45.072-73.413 44.701-23.208.375-56.579-31.459-73.413-44.701C106.18 199.465 70.425 171.067 48 152.805V112h416zM48 400V214.398c22.914 18.251 55.409 43.862 104.938 82.646 21.857 17.205 60.134 55.186 103.062 54.955 42.717.231 80.509-37.199 103.053-54.947 49.528-38.783 82.032-64.401 104.947-82.653V400H48z\"><\/path><\/svg><\/span><span class=\"gb-headline-text\"><a href=\"mailto:barbara@bergschloessl-ramsau.at\">barbara@bergschloessl-ramsau.at<\/a><\/span><\/h5>\n\n<\/div><\/div><\/div>\n\n<div class=\"gb-grid-column gb-grid-column-c281a5a2\"><div class=\"gb-container gb-container-c281a5a2\"><div class=\"gb-inside-container\">\n\n<h3 class=\"gb-headline gb-headline-651ebdec gb-headline-text\">Room request Bergschl\u00f6\u00dfl <\/h3>\n\n\n\n<div class=\"wpcf7 no-js\" id=\"wpcf7-f564-o1\" lang=\"en-US\" dir=\"ltr\" data-wpcf7-id=\"564\">\n<div class=\"screen-reader-response\"><p role=\"status\" aria-live=\"polite\" aria-atomic=\"true\"><\/p> <ul><\/ul><\/div>\n<form action=\"\/en\/wp-json\/wp\/v2\/pages\/557#wpcf7-f564-o1\" method=\"post\" class=\"wpcf7-form init\" aria-label=\"Contact form\" novalidate=\"novalidate\" data-status=\"init\">\n<fieldset class=\"hidden-fields-container\"><input type=\"hidden\" name=\"_wpcf7\" value=\"564\" \/><input type=\"hidden\" name=\"_wpcf7_version\" value=\"6.1.5\" \/><input type=\"hidden\" name=\"_wpcf7_locale\" value=\"en_US\" \/><input type=\"hidden\" name=\"_wpcf7_unit_tag\" value=\"wpcf7-f564-o1\" \/><input type=\"hidden\" name=\"_wpcf7_container_post\" value=\"0\" \/><input type=\"hidden\" name=\"_wpcf7_posted_data_hash\" value=\"\" \/>\n<\/fieldset>\n<p><label> Name<br \/>\n<span class=\"wpcf7-form-control-wrap\" data-name=\"your-name\"><input size=\"40\" maxlength=\"400\" class=\"wpcf7-form-control wpcf7-text wpcf7-validates-as-required\" aria-required=\"true\" aria-invalid=\"false\" value=\"\" type=\"text\" name=\"your-name\" \/><\/span> <\/label>\n<\/p>\n<p><label> E-mail address<br \/>\n<span class=\"wpcf7-form-control-wrap\" data-name=\"your-email\"><input size=\"40\" maxlength=\"400\" class=\"wpcf7-form-control wpcf7-email wpcf7-validates-as-required wpcf7-text wpcf7-validates-as-email\" aria-required=\"true\" aria-invalid=\"false\" value=\"\" type=\"email\" name=\"your-email\" \/><\/span> <\/label>\n<\/p>\n<p><label> Request<br \/>\n<span class=\"wpcf7-form-control-wrap\" data-name=\"your-subject\"><input size=\"40\" maxlength=\"400\" class=\"wpcf7-form-control wpcf7-text wpcf7-validates-as-required\" aria-required=\"true\" aria-invalid=\"false\" value=\"\" type=\"text\" name=\"your-subject\" \/><\/span> <\/label>\n<\/p>\n<p><label> Your massage<br \/>\n<span class=\"wpcf7-form-control-wrap\" data-name=\"your-message\"><textarea cols=\"40\" rows=\"10\" maxlength=\"2000\" class=\"wpcf7-form-control wpcf7-textarea\" aria-invalid=\"false\" name=\"your-message\"><\/textarea><\/span> <\/label>\n<\/p>\n<p><input class=\"wpcf7-form-control wpcf7-submit has-spinner\" type=\"submit\" value=\"Send\" \/>\n<\/p><div class=\"wpcf7-response-output\" aria-hidden=\"true\"><\/div>\n<\/form>\n<\/div>\n\n\n<\/div><\/div><\/div>\n<\/div>\n<\/div><div class=\"gb-shapes\"><div class=\"gb-shape gb-shape-1\"><svg xmlns=\"http:\/\/www.w3.org\/2000\/svg\" viewBox=\"0 0 1200 360\" preserveAspectRatio=\"none\"><path d=\"M1200 360H0V0l1200 348z\"\/><\/svg><\/div><\/div><\/div>\n\n<div class=\"gb-container gb-container-cd1272d9\"><div class=\"gb-inside-container\">\n<div class=\"gb-grid-wrapper gb-grid-wrapper-383cb209\">\n<div class=\"gb-grid-column gb-grid-column-453a5067\"><div class=\"gb-container gb-container-453a5067\"><div class=\"gb-inside-container\">\n\n<h2 class=\"gb-headline gb-headline-0ed47dc4 gb-headline-text\">Info, prices &amp; cancellation conditions<\/h2>\n\n\n\n<p>The prices are per person, exclusive of all duties and taxes.<\/p>\n\n\n<div class=\"gb-grid-wrapper gb-grid-wrapper-4e78d5c7\">\n<div class=\"gb-grid-column gb-grid-column-8d187a85\"><div class=\"gb-container gb-container-8d187a85\"><div class=\"gb-inside-container\">\n\n<h2 class=\"gb-headline gb-headline-409451a5 gb-headline-text\">Summer<\/h2>\n\n\n\n<p class=\"gb-headline gb-headline-2d37b512 gb-headline-text\"> Overnight stay with breakfast <\/p>\n\n\n\n<h2 class=\"gb-headline gb-headline-44e0e441 gb-headline-text\">from \u20ac 65,-<\/h2>\n\n\n\n<p class=\"gb-headline gb-headline-754f549e gb-headline-text\">Summer card inclusiv. <br>Summer card season:<br> End of May to end of October<\/p>\n\n<\/div><\/div><\/div>\n\n<div class=\"gb-grid-column gb-grid-column-87a8a6ee\"><div class=\"gb-container gb-container-87a8a6ee\"><div class=\"gb-inside-container\">\n\n<h2 class=\"gb-headline gb-headline-d8556365 gb-headline-text\">Winter<\/h2>\n\n\n\n<p class=\"gb-headline gb-headline-63281932 gb-headline-text\"> Overnight stay with breakfast <\/p>\n\n\n\n<h2 class=\"gb-headline gb-headline-49557c97 gb-headline-text\">from \u20ac 65,-<\/h2>\n\n\n\n<p class=\"gb-headline gb-headline-dc8872ce gb-headline-text\"><\/p>\n\n<\/div><\/div><\/div>\n<\/div>\n\n\n<p><strong>Our cancellation conditions:<\/strong><br>Cancellations can be made free of charge up to 60 days before the agreed arrival date. In the event of cancellation up to 30 days before the agreed arrival date, we will charge a cancellation fee of 30% of the agreed total price. In the event of cancellation from the 29th day before the agreed arrival date, we will charge 50% of the agreed total price. In the event of cancellation from the 10th day before the agreed arrival date, we will charge 80% of the agreed total price. In the event of no-show without cancellation, we will charge 90% of the agreed total price.<\/p>\n\n\n\n<p><strong>Our payment terms:<\/strong><br>How you can pay: BAR in euros, CASHLESS by EC debit card (A, D, NL) or as an advance payment by bank transfer.<br>Konto: Raiffeisenbank Schladming\/Gr\u00f6bming <br>IBAN: AT39 3811 3001 0501 7488 <br>BIC: RZSTAT2G113, free of charge for us.<\/p>\n\n<\/div><\/div><\/div>\n<\/div>\n<\/div><\/div>\n\n<div class=\"gb-container gb-container-e504df44\"><div class=\"gb-inside-container\">\n<div class=\"gb-grid-wrapper gb-grid-wrapper-adc8339a\">\n<div class=\"gb-grid-column gb-grid-column-91b67486\"><div class=\"gb-container gb-container-91b67486\"><div class=\"gb-inside-container\">\n\n<h2 class=\"gb-headline gb-headline-cfee0d91 gb-headline-text\">Location &amp; arrival<\/h2>\n\n\n\n<iframe src=\"https:\/\/www.google.com\/maps\/embed?pb=!1m18!1m12!1m3!1d2080.819158824754!2d13.638865077769184!3d47.422842255843655!2m3!1f0!2f0!3f0!3m2!1i1024!2i768!4f13.1!3m3!1m2!1s0x47712fd8bc1e271b%3A0xbe9bc2f59b2ccb47!2sRamsau%20216%2C%208972%20Ramsau%20am%20Dachstein!5e1!3m2!1sde!2sat!4v1625472282734!5m2!1sde!2sat\" style=\"border:0;\" allowfullscreen=\"\" loading=\"lazy\" width=\"1200\" height=\"600\"><\/iframe>\n\n<\/div><\/div><\/div>\n<\/div>\n<\/div><\/div>","protected":false},"excerpt":{"rendered":"","protected":false},"author":1,"featured_media":0,"parent":0,"menu_order":0,"comment_status":"closed","ping_status":"closed","template":"","meta":{"footnotes":""},"class_list":["post-557","page","type-page","status-publish"],"yoast_head":"<!-- This site is optimized with the Yoast SEO plugin v27.5 - https:\/\/yoast.com\/product\/yoast-seo-wordpress\/ -->\n<title>Room request &amp; info Pension Bergschl\u00f6\u00dfl Ramsau am Dachstein<\/title>\n<meta name=\"description\" content=\"Arrival, prices and room inquiries for your vacation in the Pension Bergschl\u00f6\u00dfl in Ramsau am Dachstein. Bed and breakfast incl. summer card.\" \/>\n<meta name=\"robots\" content=\"index, follow, max-snippet:-1, max-image-preview:large, max-video-preview:-1\" \/>\n<link rel=\"canonical\" href=\"https:\/\/bergschloessl-ramsau.at\/en\/contact\/\" \/>\n<meta property=\"og:locale\" content=\"en_US\" \/>\n<meta property=\"og:type\" content=\"article\" \/>\n<meta property=\"og:title\" content=\"Room request &amp; info Pension Bergschl\u00f6\u00dfl Ramsau am Dachstein\" \/>\n<meta property=\"og:description\" content=\"Arrival, prices and room inquiries for your vacation in the Pension Bergschl\u00f6\u00dfl in Ramsau am Dachstein. Bed and breakfast incl. summer card.\" \/>\n<meta property=\"og:url\" content=\"https:\/\/bergschloessl-ramsau.at\/en\/contact\/\" \/>\n<meta property=\"og:site_name\" content=\"Bergschl\u00f6\u00dfl Ramsau\" \/>\n<meta property=\"article:modified_time\" content=\"2025-01-21T08:15:07+00:00\" \/>\n<meta name=\"twitter:card\" content=\"summary_large_image\" \/>\n<meta name=\"twitter:label1\" content=\"Est. reading time\" \/>\n\t<meta name=\"twitter:data1\" content=\"2 minutes\" \/>\n<script type=\"application\/ld+json\" class=\"yoast-schema-graph\">{\"@context\":\"https:\\\/\\\/schema.org\",\"@graph\":[{\"@type\":\"WebPage\",\"@id\":\"https:\\\/\\\/bergschloessl-ramsau.at\\\/en\\\/contact\\\/\",\"url\":\"https:\\\/\\\/bergschloessl-ramsau.at\\\/en\\\/contact\\\/\",\"name\":\"Room request & info Pension Bergschl\u00f6\u00dfl Ramsau am Dachstein\",\"isPartOf\":{\"@id\":\"https:\\\/\\\/bergschloessl-ramsau.at\\\/en\\\/#website\"},\"datePublished\":\"2021-08-04T08:02:39+00:00\",\"dateModified\":\"2025-01-21T08:15:07+00:00\",\"description\":\"Arrival, prices and room inquiries for your vacation in the Pension Bergschl\u00f6\u00dfl in Ramsau am Dachstein. Bed and breakfast incl. summer card.\",\"breadcrumb\":{\"@id\":\"https:\\\/\\\/bergschloessl-ramsau.at\\\/en\\\/contact\\\/#breadcrumb\"},\"inLanguage\":\"en-US\",\"potentialAction\":[{\"@type\":\"ReadAction\",\"target\":[\"https:\\\/\\\/bergschloessl-ramsau.at\\\/en\\\/contact\\\/\"]}]},{\"@type\":\"BreadcrumbList\",\"@id\":\"https:\\\/\\\/bergschloessl-ramsau.at\\\/en\\\/contact\\\/#breadcrumb\",\"itemListElement\":[{\"@type\":\"ListItem\",\"position\":1,\"name\":\"Startseite\",\"item\":\"https:\\\/\\\/bergschloessl-ramsau.at\\\/en\\\/\"},{\"@type\":\"ListItem\",\"position\":2,\"name\":\"Contact &#038; location\"}]},{\"@type\":\"WebSite\",\"@id\":\"https:\\\/\\\/bergschloessl-ramsau.at\\\/en\\\/#website\",\"url\":\"https:\\\/\\\/bergschloessl-ramsau.at\\\/en\\\/\",\"name\":\"Bergschl\u00f6\u00dfl Ramsau\",\"description\":\"Urlaub in Ramsau am Dachstein\",\"publisher\":{\"@id\":\"https:\\\/\\\/bergschloessl-ramsau.at\\\/en\\\/#organization\"},\"potentialAction\":[{\"@type\":\"SearchAction\",\"target\":{\"@type\":\"EntryPoint\",\"urlTemplate\":\"https:\\\/\\\/bergschloessl-ramsau.at\\\/en\\\/?s={search_term_string}\"},\"query-input\":{\"@type\":\"PropertyValueSpecification\",\"valueRequired\":true,\"valueName\":\"search_term_string\"}}],\"inLanguage\":\"en-US\"},{\"@type\":\"Organization\",\"@id\":\"https:\\\/\\\/bergschloessl-ramsau.at\\\/en\\\/#organization\",\"name\":\"Bergschl\u00f6\u00dfl Ramsau\",\"url\":\"https:\\\/\\\/bergschloessl-ramsau.at\\\/en\\\/\",\"logo\":{\"@type\":\"ImageObject\",\"inLanguage\":\"en-US\",\"@id\":\"https:\\\/\\\/bergschloessl-ramsau.at\\\/en\\\/#\\\/schema\\\/logo\\\/image\\\/\",\"url\":\"https:\\\/\\\/bergschloessl-ramsau.at\\\/wp-content\\\/uploads\\\/2021\\\/07\\\/bergschloessl-ramsau-logo-320-1.png\",\"contentUrl\":\"https:\\\/\\\/bergschloessl-ramsau.at\\\/wp-content\\\/uploads\\\/2021\\\/07\\\/bergschloessl-ramsau-logo-320-1.png\",\"width\":326,\"height\":102,\"caption\":\"Bergschl\u00f6\u00dfl Ramsau\"},\"image\":{\"@id\":\"https:\\\/\\\/bergschloessl-ramsau.at\\\/en\\\/#\\\/schema\\\/logo\\\/image\\\/\"}}]}<\/script>\n<!-- \/ Yoast SEO plugin. -->","yoast_head_json":{"title":"Room request & info Pension Bergschl\u00f6\u00dfl Ramsau am Dachstein","description":"Arrival, prices and room inquiries for your vacation in the Pension Bergschl\u00f6\u00dfl in Ramsau am Dachstein. Bed and breakfast incl. summer card.","robots":{"index":"index","follow":"follow","max-snippet":"max-snippet:-1","max-image-preview":"max-image-preview:large","max-video-preview":"max-video-preview:-1"},"canonical":"https:\/\/bergschloessl-ramsau.at\/en\/contact\/","og_locale":"en_US","og_type":"article","og_title":"Room request & info Pension Bergschl\u00f6\u00dfl Ramsau am Dachstein","og_description":"Arrival, prices and room inquiries for your vacation in the Pension Bergschl\u00f6\u00dfl in Ramsau am Dachstein. Bed and breakfast incl. summer card.","og_url":"https:\/\/bergschloessl-ramsau.at\/en\/contact\/","og_site_name":"Bergschl\u00f6\u00dfl Ramsau","article_modified_time":"2025-01-21T08:15:07+00:00","twitter_card":"summary_large_image","twitter_misc":{"Est. reading time":"2 minutes"},"schema":{"@context":"https:\/\/schema.org","@graph":[{"@type":"WebPage","@id":"https:\/\/bergschloessl-ramsau.at\/en\/contact\/","url":"https:\/\/bergschloessl-ramsau.at\/en\/contact\/","name":"Room request & info Pension Bergschl\u00f6\u00dfl Ramsau am Dachstein","isPartOf":{"@id":"https:\/\/bergschloessl-ramsau.at\/en\/#website"},"datePublished":"2021-08-04T08:02:39+00:00","dateModified":"2025-01-21T08:15:07+00:00","description":"Arrival, prices and room inquiries for your vacation in the Pension Bergschl\u00f6\u00dfl in Ramsau am Dachstein. Bed and breakfast incl. summer card.","breadcrumb":{"@id":"https:\/\/bergschloessl-ramsau.at\/en\/contact\/#breadcrumb"},"inLanguage":"en-US","potentialAction":[{"@type":"ReadAction","target":["https:\/\/bergschloessl-ramsau.at\/en\/contact\/"]}]},{"@type":"BreadcrumbList","@id":"https:\/\/bergschloessl-ramsau.at\/en\/contact\/#breadcrumb","itemListElement":[{"@type":"ListItem","position":1,"name":"Startseite","item":"https:\/\/bergschloessl-ramsau.at\/en\/"},{"@type":"ListItem","position":2,"name":"Contact &#038; location"}]},{"@type":"WebSite","@id":"https:\/\/bergschloessl-ramsau.at\/en\/#website","url":"https:\/\/bergschloessl-ramsau.at\/en\/","name":"Bergschl\u00f6\u00dfl Ramsau","description":"Urlaub in Ramsau am Dachstein","publisher":{"@id":"https:\/\/bergschloessl-ramsau.at\/en\/#organization"},"potentialAction":[{"@type":"SearchAction","target":{"@type":"EntryPoint","urlTemplate":"https:\/\/bergschloessl-ramsau.at\/en\/?s={search_term_string}"},"query-input":{"@type":"PropertyValueSpecification","valueRequired":true,"valueName":"search_term_string"}}],"inLanguage":"en-US"},{"@type":"Organization","@id":"https:\/\/bergschloessl-ramsau.at\/en\/#organization","name":"Bergschl\u00f6\u00dfl Ramsau","url":"https:\/\/bergschloessl-ramsau.at\/en\/","logo":{"@type":"ImageObject","inLanguage":"en-US","@id":"https:\/\/bergschloessl-ramsau.at\/en\/#\/schema\/logo\/image\/","url":"https:\/\/bergschloessl-ramsau.at\/wp-content\/uploads\/2021\/07\/bergschloessl-ramsau-logo-320-1.png","contentUrl":"https:\/\/bergschloessl-ramsau.at\/wp-content\/uploads\/2021\/07\/bergschloessl-ramsau-logo-320-1.png","width":326,"height":102,"caption":"Bergschl\u00f6\u00dfl Ramsau"},"image":{"@id":"https:\/\/bergschloessl-ramsau.at\/en\/#\/schema\/logo\/image\/"}}]}},"_links":{"self":[{"href":"https:\/\/bergschloessl-ramsau.at\/en\/wp-json\/wp\/v2\/pages\/557","targetHints":{"allow":["GET"]}}],"collection":[{"href":"https:\/\/bergschloessl-ramsau.at\/en\/wp-json\/wp\/v2\/pages"}],"about":[{"href":"https:\/\/bergschloessl-ramsau.at\/en\/wp-json\/wp\/v2\/types\/page"}],"author":[{"embeddable":true,"href":"https:\/\/bergschloessl-ramsau.at\/en\/wp-json\/wp\/v2\/users\/1"}],"replies":[{"embeddable":true,"href":"https:\/\/bergschloessl-ramsau.at\/en\/wp-json\/wp\/v2\/comments?post=557"}],"version-history":[{"count":13,"href":"https:\/\/bergschloessl-ramsau.at\/en\/wp-json\/wp\/v2\/pages\/557\/revisions"}],"predecessor-version":[{"id":1055,"href":"https:\/\/bergschloessl-ramsau.at\/en\/wp-json\/wp\/v2\/pages\/557\/revisions\/1055"}],"wp:attachment":[{"href":"https:\/\/bergschloessl-ramsau.at\/en\/wp-json\/wp\/v2\/media?parent=557"}],"curies":[{"name":"wp","href":"https:\/\/api.w.org\/{rel}","templated":true}]}}